{"id":708,"date":"2023-05-05T12:04:51","date_gmt":"2023-05-05T10:04:51","guid":{"rendered":"http:\/\/les4pattounes.org\/les4pattorg\/?page_id=708"},"modified":"2026-02-17T08:59:02","modified_gmt":"2026-02-17T07:59:02","slug":"signaler","status":"publish","type":"page","link":"https:\/\/les4pattounes.org\/les4pattorg\/signaler\/","title":{"rendered":"FAIRE UN SIGNALEMENT EFFICACE"},"content":{"rendered":"<p>[et_pb_section fb_built=\u00a0\u00bb1&Prime; admin_label=\u00a0\u00bbsection\u00a0\u00bb _builder_version=\u00a0\u00bb4.16&Prime; global_colors_info=\u00a0\u00bb{}\u00a0\u00bb][et_pb_row _builder_version=\u00a0\u00bb4.26.0&Prime; _module_preset=\u00a0\u00bbdefault\u00a0\u00bb global_colors_info=\u00a0\u00bb{}\u00a0\u00bb][et_pb_column type=\u00a0\u00bb4_4&Prime; _builder_version=\u00a0\u00bb4.26.0&Prime; _module_preset=\u00a0\u00bbdefault\u00a0\u00bb global_colors_info=\u00a0\u00bb{}\u00a0\u00bb][et_pb_text _builder_version=\u00a0\u00bb4.26.0&Prime; _module_preset=\u00a0\u00bbdefault\u00a0\u00bb global_colors_info=\u00a0\u00bb{}\u00a0\u00bb]<\/p>\n<h1 style=\"text-align: center;\"><strong>COMMENT FAIRE UN SIGNALEMENT EFFICACE ?<\/strong><\/h1>\n<p>[\/et_pb_text][\/et_pb_column][\/et_pb_row][et_pb_row _builder_version=\u00a0\u00bb4.26.0&Prime; _module_preset=\u00a0\u00bbdefault\u00a0\u00bb global_colors_info=\u00a0\u00bb{}\u00a0\u00bb][et_pb_column type=\u00a0\u00bb4_4&Prime; _builder_version=\u00a0\u00bb4.26.0&Prime; _module_preset=\u00a0\u00bbdefault\u00a0\u00bb global_colors_info=\u00a0\u00bb{}\u00a0\u00bb][et_pb_text _builder_version=\u00a0\u00bb4.26.0&Prime; _module_preset=\u00a0\u00bbdefault\u00a0\u00bb global_colors_info=\u00a0\u00bb{}\u00a0\u00bb]<\/p>\n<h2><strong>LES \u00c9L\u00c9MENTS \u00c0 DONNER<\/strong><\/h2>\n<p>[\/et_pb_text][\/et_pb_column][\/et_pb_row][et_pb_row column_structure=\u00a0\u00bb1_2,1_2&Prime; _builder_version=\u00a0\u00bb4.26.0&Prime; _module_preset=\u00a0\u00bbdefault\u00a0\u00bb animation_style=\u00a0\u00bbfade\u00a0\u00bb global_colors_info=\u00a0\u00bb{}\u00a0\u00bb][et_pb_column type=\u00a0\u00bb1_2&Prime; _builder_version=\u00a0\u00bb4.26.0&Prime; _module_preset=\u00a0\u00bbdefault\u00a0\u00bb global_colors_info=\u00a0\u00bb{}\u00a0\u00bb][et_pb_image src=\u00a0\u00bbhttp:\/\/les4pattounes.org\/les4pattorg\/wp-content\/uploads\/2023\/05\/1-removebg-preview.png\u00a0\u00bb alt=\u00a0\u00bbqui\u00a0\u00bb title_text=\u00a0\u00bb1-removebg-preview\u00a0\u00bb align=\u00a0\u00bbcenter\u00a0\u00bb _builder_version=\u00a0\u00bb4.27.4&Prime; _module_preset=\u00a0\u00bbdefault\u00a0\u00bb height=\u00a0\u00bb251px\u00a0\u00bb global_colors_info=\u00a0\u00bb{}\u00a0\u00bb][\/et_pb_image][\/et_pb_column][et_pb_column type=\u00a0\u00bb1_2&Prime; _builder_version=\u00a0\u00bb4.26.0&Prime; _module_preset=\u00a0\u00bbdefault\u00a0\u00bb global_colors_info=\u00a0\u00bb{}\u00a0\u00bb][et_pb_text _builder_version=\u00a0\u00bb4.26.0&Prime; _module_preset=\u00a0\u00bbdefault\u00a0\u00bb custom_margin=\u00a0\u00bb50px||||false|false\u00a0\u00bb global_colors_info=\u00a0\u00bb{}\u00a0\u00bb]<\/p>\n<h3>\u00c9TAPE 01<\/h3>\n<h5>Qui<strong> \u00eates-vous ?\u00a0<\/strong><\/h5>\n<p>Votre<strong> nom, pr\u00e9nom<\/strong> (qui ne seront en aucun cas communiqu\u00e9s \u00e0 l\u2019auteur des faits) et <strong>vos coordonn\u00e9es t\u00e9l\u00e9phoniques<\/strong> pour que nous puissions vous recontacter.<\/p>\n<p>[\/et_pb_text][\/et_pb_column][\/et_pb_row][et_pb_row column_structure=\u00a0\u00bb1_2,1_2&Prime; _builder_version=\u00a0\u00bb4.26.0&Prime; _module_preset=\u00a0\u00bbdefault\u00a0\u00bb animation_style=\u00a0\u00bbfade\u00a0\u00bb global_colors_info=\u00a0\u00bb{}\u00a0\u00bb][et_pb_column type=\u00a0\u00bb1_2&Prime; _builder_version=\u00a0\u00bb4.26.0&Prime; _module_preset=\u00a0\u00bbdefault\u00a0\u00bb global_colors_info=\u00a0\u00bb{}\u00a0\u00bb][et_pb_image src=\u00a0\u00bbhttp:\/\/les4pattounes.org\/les4pattorg\/wp-content\/uploads\/2023\/05\/2-removebg-preview.png\u00a0\u00bb alt=\u00a0\u00bbpersonne\u00a0\u00bb title_text=\u00a0\u00bb2-removebg-preview\u00a0\u00bb align=\u00a0\u00bbcenter\u00a0\u00bb _builder_version=\u00a0\u00bb4.27.4&Prime; _module_preset=\u00a0\u00bbdefault\u00a0\u00bb height=\u00a0\u00bb251px\u00a0\u00bb global_colors_info=\u00a0\u00bb{}\u00a0\u00bb][\/et_pb_image][\/et_pb_column][et_pb_column type=\u00a0\u00bb1_2&Prime; _builder_version=\u00a0\u00bb4.26.0&Prime; _module_preset=\u00a0\u00bbdefault\u00a0\u00bb global_colors_info=\u00a0\u00bb{}\u00a0\u00bb][et_pb_text _builder_version=\u00a0\u00bb4.26.0&Prime; _module_preset=\u00a0\u00bbdefault\u00a0\u00bb custom_margin=\u00a0\u00bb50px||||false|false\u00a0\u00bb global_colors_info=\u00a0\u00bb{}\u00a0\u00bb]<\/p>\n<h3>\u00c9TAPE 02<\/h3>\n<h5><strong>Quelle est la personne auteur des faits ?\u00a0<\/strong><\/h5>\n<p>Pr\u00e9cisez-nous si possible le nom ainsi que <strong>l&rsquo;adresse exacte<\/strong> du mis en cause, ainsi que l&rsquo;\u00e9ventuel code d&rsquo;acc\u00e8s s&rsquo;il s&rsquo;agit d&rsquo;une r\u00e9sidence.<\/p>\n<p>&nbsp;<\/p>\n<p>[\/et_pb_text][\/et_pb_column][\/et_pb_row][et_pb_row column_structure=\u00a0\u00bb1_2,1_2&Prime; _builder_version=\u00a0\u00bb4.26.0&Prime; _module_preset=\u00a0\u00bbdefault\u00a0\u00bb animation_style=\u00a0\u00bbfade\u00a0\u00bb global_colors_info=\u00a0\u00bb{}\u00a0\u00bb][et_pb_column type=\u00a0\u00bb1_2&Prime; _builder_version=\u00a0\u00bb4.26.0&Prime; _module_preset=\u00a0\u00bbdefault\u00a0\u00bb global_colors_info=\u00a0\u00bb{}\u00a0\u00bb][et_pb_image src=\u00a0\u00bbhttp:\/\/les4pattounes.org\/les4pattorg\/wp-content\/uploads\/2023\/05\/3-removebg-preview.png\u00a0\u00bb alt=\u00a0\u00bbquoi\u00a0\u00bb title_text=\u00a0\u00bb3-removebg-preview\u00a0\u00bb align=\u00a0\u00bbcenter\u00a0\u00bb _builder_version=\u00a0\u00bb4.27.4&Prime; _module_preset=\u00a0\u00bbdefault\u00a0\u00bb height=\u00a0\u00bb251px\u00a0\u00bb global_colors_info=\u00a0\u00bb{}\u00a0\u00bb][\/et_pb_image][\/et_pb_column][et_pb_column type=\u00a0\u00bb1_2&Prime; _builder_version=\u00a0\u00bb4.26.0&Prime; _module_preset=\u00a0\u00bbdefault\u00a0\u00bb global_colors_info=\u00a0\u00bb{}\u00a0\u00bb][et_pb_text _builder_version=\u00a0\u00bb4.26.0&Prime; _module_preset=\u00a0\u00bbdefault\u00a0\u00bb custom_margin=\u00a0\u00bb50px||||false|false\u00a0\u00bb global_colors_info=\u00a0\u00bb{}\u00a0\u00bb]<\/p>\n<h3>\u00c9TAPE 03<\/h3>\n<h5><strong>Quelle est l&rsquo;infraction que vous souhaitez signaler ?\u00a0<\/strong><\/h5>\n<p>Pr\u00e9cisez nous <strong>le ou les animaux<\/strong> <strong>pr\u00e9sents<\/strong> et ceux concern\u00e9s par la maltraitance. Veilliez \u00e0 avoir des <strong>preuves<\/strong> concr\u00e8tes (autres t\u00e9moins, photos, vid\u00e9os, enregistrements etc).<\/p>\n<p>&nbsp;<\/p>\n<p>&nbsp;<\/p>\n<p>[\/et_pb_text][\/et_pb_column][\/et_pb_row][et_pb_row column_structure=\u00a0\u00bb1_2,1_2&Prime; _builder_version=\u00a0\u00bb4.26.0&Prime; _module_preset=\u00a0\u00bbdefault\u00a0\u00bb animation_style=\u00a0\u00bbfade\u00a0\u00bb global_colors_info=\u00a0\u00bb{}\u00a0\u00bb][et_pb_column type=\u00a0\u00bb1_2&Prime; _builder_version=\u00a0\u00bb4.26.0&Prime; _module_preset=\u00a0\u00bbdefault\u00a0\u00bb global_colors_info=\u00a0\u00bb{}\u00a0\u00bb][et_pb_image src=\u00a0\u00bbhttp:\/\/les4pattounes.org\/les4pattorg\/wp-content\/uploads\/2023\/05\/4-removebg-preview.png\u00a0\u00bb alt=\u00a0\u00bbrappel\u00a0\u00bb title_text=\u00a0\u00bb4-removebg-preview\u00a0\u00bb align=\u00a0\u00bbcenter\u00a0\u00bb _builder_version=\u00a0\u00bb4.27.4&Prime; _module_preset=\u00a0\u00bbdefault\u00a0\u00bb height=\u00a0\u00bb251px\u00a0\u00bb global_colors_info=\u00a0\u00bb{}\u00a0\u00bb][\/et_pb_image][\/et_pb_column][et_pb_column type=\u00a0\u00bb1_2&Prime; _builder_version=\u00a0\u00bb4.26.0&Prime; _module_preset=\u00a0\u00bbdefault\u00a0\u00bb global_colors_info=\u00a0\u00bb{}\u00a0\u00bb][et_pb_text _builder_version=\u00a0\u00bb4.27.4&Prime; _module_preset=\u00a0\u00bbdefault\u00a0\u00bb custom_margin=\u00a0\u00bb||||false|false\u00a0\u00bb global_colors_info=\u00a0\u00bb{}\u00a0\u00bb]<\/p>\n<h3>RAPPEL<\/h3>\n<h5><strong>Infractions pr\u00e9vues et r\u00e9prim\u00e9es, sur lesquelles nous pouvons intervenir<\/strong><\/h5>\n<ul>\n<li><b>Abandon<\/b> (personne ne subvient aux besoins vitaux de l&rsquo;animal &#8211; pensez \u00e0 mettre un mot sur la porte)\u00a0<\/li>\n<li><b>S\u00e9vices et actes de cruaut\u00e9&#8230;<\/b><\/li>\n<li>Si l&rsquo;animal n&rsquo;a pas 5m2 ou 3m de corde s&rsquo;il est attach\u00e9, un<b> abri\/niche, excr\u00e9ments sortis quotidiennement, \u00e0 boire et \u00e0 manger suffisamment et tous les jours<\/b><\/li>\n<\/ul>\n<p>&nbsp;<\/p>\n<p>&nbsp;<\/p>\n<p>&nbsp;<\/p>\n<p>[\/et_pb_text][\/et_pb_column][\/et_pb_row][et_pb_row column_structure=\u00a0\u00bb1_3,1_3,1_3&Prime; _builder_version=\u00a0\u00bb4.27.5&Prime; _module_preset=\u00a0\u00bbdefault\u00a0\u00bb hover_enabled=\u00a0\u00bb0&Prime; global_colors_info=\u00a0\u00bb{}\u00a0\u00bb sticky_enabled=\u00a0\u00bb0&Prime;][et_pb_column type=\u00a0\u00bb1_3&Prime; _builder_version=\u00a0\u00bb4.26.0&Prime; _module_preset=\u00a0\u00bbdefault\u00a0\u00bb global_colors_info=\u00a0\u00bb{}\u00a0\u00bb][et_pb_button button_url=\u00a0\u00bbhttp:\/\/les4pattounes.org\/les4pattorg\/wp-content\/uploads\/2023\/05\/Comment-faire-un-signalement-efficace-.pdf\u00a0\u00bb url_new_window=\u00a0\u00bbon\u00a0\u00bb button_text=\u00a0\u00bbT\u00c9L\u00c9CHARGER LE PDF\u00a0\u00bb button_alignment=\u00a0\u00bbcenter\u00a0\u00bb _builder_version=\u00a0\u00bb4.26.0&Prime; _module_preset=\u00a0\u00bbdefault\u00a0\u00bb custom_button=\u00a0\u00bbon\u00a0\u00bb button_text_color=\u00a0\u00bb#F4F4F4&Prime; button_bg_color=\u00a0\u00bb#F56A56&Prime; button_border_width=\u00a0\u00bb0px\u00a0\u00bb button_border_radius=\u00a0\u00bb20px\u00a0\u00bb button_font=\u00a0\u00bb|700|||||||\u00a0\u00bb global_colors_info=\u00a0\u00bb{}\u00a0\u00bb][\/et_pb_button][\/et_pb_column][et_pb_column type=\u00a0\u00bb1_3&Prime; _builder_version=\u00a0\u00bb4.26.0&Prime; _module_preset=\u00a0\u00bbdefault\u00a0\u00bb global_colors_info=\u00a0\u00bb{}\u00a0\u00bb][et_pb_button button_url=\u00a0\u00bbhttp:\/\/les4pattounes.org\/les4pattorg\/wp-content\/uploads\/2026\/02\/MEMENTO_ANIMAUX_DOMESTIQUES_A__JOUR_AU_27_MAI_2024.pdf\u00a0\u00bb url_new_window=\u00a0\u00bbon\u00a0\u00bb button_text=\u00a0\u00bbLISTE DES INFRACTIONS\u00a0\u00bb button_alignment=\u00a0\u00bbcenter\u00a0\u00bb _builder_version=\u00a0\u00bb4.27.5&Prime; _module_preset=\u00a0\u00bbdefault\u00a0\u00bb custom_button=\u00a0\u00bbon\u00a0\u00bb button_text_color=\u00a0\u00bb#F4F4F4&Prime; button_bg_color=\u00a0\u00bb#F56A56&Prime; button_border_width=\u00a0\u00bb0px\u00a0\u00bb button_border_radius=\u00a0\u00bb20px\u00a0\u00bb button_font=\u00a0\u00bb|700|||||||\u00a0\u00bb hover_enabled=\u00a0\u00bb0&Prime; global_colors_info=\u00a0\u00bb{}\u00a0\u00bb sticky_enabled=\u00a0\u00bb0&Prime;][\/et_pb_button][\/et_pb_column][et_pb_column type=\u00a0\u00bb1_3&Prime; _builder_version=\u00a0\u00bb4.26.0&Prime; _module_preset=\u00a0\u00bbdefault\u00a0\u00bb global_colors_info=\u00a0\u00bb{}\u00a0\u00bb][et_pb_button button_url=\u00a0\u00bbmailto:les4pattounes@gmail.com%20&Prime; url_new_window=\u00a0\u00bbon\u00a0\u00bb button_text=\u00a0\u00bbSIGNALER\u00a0\u00bb button_alignment=\u00a0\u00bbcenter\u00a0\u00bb _builder_version=\u00a0\u00bb4.26.0&Prime; _module_preset=\u00a0\u00bbdefault\u00a0\u00bb custom_button=\u00a0\u00bbon\u00a0\u00bb button_text_color=\u00a0\u00bb#F4F4F4&Prime; button_bg_color=\u00a0\u00bb#F56A56&Prime; button_border_width=\u00a0\u00bb0px\u00a0\u00bb button_border_radius=\u00a0\u00bb20px\u00a0\u00bb button_font=\u00a0\u00bb|700|||||||\u00a0\u00bb global_colors_info=\u00a0\u00bb{}\u00a0\u00bb][\/et_pb_button][\/et_pb_column][\/et_pb_row][\/et_pb_section]<\/p>\n","protected":false},"excerpt":{"rendered":"<p>COMMENT FAIRE UN SIGNALEMENT EFFICACE ?LES \u00c9L\u00c9MENTS \u00c0 DONNER\u00c9TAPE 01 Qui \u00eates-vous ?\u00a0 Votre nom, pr\u00e9nom (qui ne seront en aucun cas communiqu\u00e9s \u00e0 l\u2019auteur des faits) et vos coordonn\u00e9es t\u00e9l\u00e9phoniques pour que nous puissions vous recontacter.\u00c9TAPE 02 Quelle est la personne auteur des faits ?\u00a0 Pr\u00e9cisez-nous si possible le nom ainsi que l&rsquo;adresse exacte [&hellip;]<\/p>\n","protected":false},"author":4,"featured_media":0,"parent":0,"menu_order":0,"comment_status":"closed","ping_status":"closed","template":"","meta":{"_et_pb_use_builder":"on","_et_pb_old_content":"<h1>COMMENT FAIRE UN SIGNALEMENT EFFICACE ?<\/h1>\t\t\n\t\t<p>LES \u00c9L\u00c9MENTS \u00c0 DONNER<\/p>\t\t\n\t\t\t\t\t\t\t\t\t\t\t\t\t\t\t<img width=\"500\" height=\"500\" src=\"http:\/\/les4pattounes.org\/les4pattorg\/wp-content\/uploads\/2023\/05\/1-removebg-preview.png\" alt=\"qui\" loading=\"lazy\" srcset=\"http:\/\/les4pattounes.org\/les4pattorg\/wp-content\/uploads\/2023\/05\/1-removebg-preview.png 500w, http:\/\/les4pattounes.org\/les4pattorg\/wp-content\/uploads\/2023\/05\/1-removebg-preview-300x300.png 300w, http:\/\/les4pattounes.org\/les4pattorg\/wp-content\/uploads\/2023\/05\/1-removebg-preview-150x150.png 150w\" sizes=\"(max-width: 500px) 100vw, 500px\" \/>\t\t\t\t\t\t\t\t\t\t\t\t\t\t\t\n\t\t\t<h3>\u00c9TAPE 01<\/h3>\t\t\n\t\t<h5>Qui<strong> \u00eates-vous ?\u00a0<\/strong><\/h5><p>Votre<strong> nom, pr\u00e9nom<\/strong> (qui ne seront en aucun cas communiqu\u00e9s \u00e0 l\u2019auteur des faits) et <strong>vos coordonn\u00e9es t\u00e9l\u00e9phoniques<\/strong> pour que nous puissions vous recontacter.\u00a0<\/p>\t\t\n\t\t\t\t\t\t\t\t\t\t\t\t\t\t\t<img width=\"500\" height=\"500\" src=\"http:\/\/les4pattounes.org\/les4pattorg\/wp-content\/uploads\/2023\/05\/2-removebg-preview.png\" alt=\"personne\" loading=\"lazy\" srcset=\"http:\/\/les4pattounes.org\/les4pattorg\/wp-content\/uploads\/2023\/05\/2-removebg-preview.png 500w, http:\/\/les4pattounes.org\/les4pattorg\/wp-content\/uploads\/2023\/05\/2-removebg-preview-300x300.png 300w, http:\/\/les4pattounes.org\/les4pattorg\/wp-content\/uploads\/2023\/05\/2-removebg-preview-150x150.png 150w\" sizes=\"(max-width: 500px) 100vw, 500px\" \/>\t\t\t\t\t\t\t\t\t\t\t\t\t\t\t\n\t\t\t<h3>\u00c9TAPE 02<\/h3>\t\t\n\t\t<h5><strong>Quelle est la personne auteur des faits ?\u00a0<\/strong><\/h5><p>Pr\u00e9cisez nous si possible le nom ainsi que <strong>l'adresse exacte<\/strong> du mis en cause, ainsi que l'\u00e9ventuel code d'acc\u00e8s s'il s'agit d'une r\u00e9sidence.<\/p>\t\t\n\t\t\t\t\t\t\t\t\t\t\t\t\t\t\t<img width=\"500\" height=\"500\" src=\"http:\/\/les4pattounes.org\/les4pattorg\/wp-content\/uploads\/2023\/05\/3-removebg-preview.png\" alt=\"quoi\" loading=\"lazy\" srcset=\"http:\/\/les4pattounes.org\/les4pattorg\/wp-content\/uploads\/2023\/05\/3-removebg-preview.png 500w, http:\/\/les4pattounes.org\/les4pattorg\/wp-content\/uploads\/2023\/05\/3-removebg-preview-300x300.png 300w, http:\/\/les4pattounes.org\/les4pattorg\/wp-content\/uploads\/2023\/05\/3-removebg-preview-150x150.png 150w\" sizes=\"(max-width: 500px) 100vw, 500px\" \/>\t\t\t\t\t\t\t\t\t\t\t\t\t\t\t\n\t\t\t<h3>\u00c9TAPE 03<\/h3>\t\t\n\t\t<h5><strong>Quelle est l'infraction que vous souhaitez signaler ?\u00a0<\/strong><\/h5><p>Pr\u00e9cisez nous <strong>le ou les animaux<\/strong> <strong>pr\u00e9sents<\/strong> et ceux concern\u00e9s par la maltraitance. Veilliez \u00e0 avoir des <strong>preuves<\/strong> concr\u00e8tes (autres t\u00e9moins, photos, vid\u00e9os, enregistrements etc)<\/p>\t\t\n\t\t\t\t\t\t\t\t\t\t\t\t\t\t\t<img width=\"500\" height=\"500\" src=\"http:\/\/les4pattounes.org\/les4pattorg\/wp-content\/uploads\/2023\/05\/4-removebg-preview.png\" alt=\"rappel\" loading=\"lazy\" srcset=\"http:\/\/les4pattounes.org\/les4pattorg\/wp-content\/uploads\/2023\/05\/4-removebg-preview.png 500w, http:\/\/les4pattounes.org\/les4pattorg\/wp-content\/uploads\/2023\/05\/4-removebg-preview-300x300.png 300w, http:\/\/les4pattounes.org\/les4pattorg\/wp-content\/uploads\/2023\/05\/4-removebg-preview-150x150.png 150w\" sizes=\"(max-width: 500px) 100vw, 500px\" \/>\t\t\t\t\t\t\t\t\t\t\t\t\t\t\t\n\t\t\t<h3>RAPPEL<\/h3>\t\t\n\t\t<h5><strong>Infractions pr\u00e9vues et r\u00e9prim\u00e9es, sur lesquelles nous pouvons intervenir<\/strong><\/h5><ul><li><b>Abandon<\/b> (personne ne subvient aux besoins vitaux de l'animal - pensez \u00e0 mettre un mot sur la porte)\u00a0<\/li><li><b>Services et actes de cruaut\u00e9...<\/b><\/li><li>Si l'animal n'a pas 5m2 ou 3m de corde s'il est attach\u00e9, un<b> abri\/niche, excr\u00e9ments sortis quotidiennement, \u00e0 boire et \u00e0 manger suffisamment et tous les jours<\/b><\/li><\/ul>\t\t\n\t\t\t<a href=\"http:\/\/les4pattounes.org\/les4pattorg\/wp-content\/uploads\/2023\/05\/Comment-faire-un-signalement-efficace-.pdf\" role=\"button\">\n\t\t\t\t\t\tT\u00e9l\u00e9charger le PDF\n\t\t\t\t\t<\/a>\n\t\t\t\t\t\t\t\t\t\t\t\t\t\t\t<img width=\"420\" height=\"173\" src=\"http:\/\/les4pattounes.org\/les4pattorg\/wp-content\/uploads\/2023\/05\/Sans_titre__7_-removebg-preview-e1683396941916.png\" alt=\"logo_noir\" loading=\"lazy\" srcset=\"http:\/\/les4pattounes.org\/les4pattorg\/wp-content\/uploads\/2023\/05\/Sans_titre__7_-removebg-preview-e1683396941916.png 420w, http:\/\/les4pattounes.org\/les4pattorg\/wp-content\/uploads\/2023\/05\/Sans_titre__7_-removebg-preview-e1683396941916-300x124.png 300w\" sizes=\"(max-width: 420px) 100vw, 420px\" \/>\t\t\t\t\t\t\t\t\t\t\t\t\t\t\t\n\t\t\t<a href=\"mailto:les4pattounes@gmail.com%20\" role=\"button\">\n\t\t\t\t\t\tSIGNALER\n\t\t\t\t\t<\/a>\n\t\t\t\t\t<a href=\"https:\/\/www.facebook.com\/les4pattounes\" target=\"_blank\" rel=\"noopener\">\n\t\t\t\t\t\tFacebook\n\t\t\t\t\t\t\t\t\t\t\t<\/a>\n\t\t\t\t\t<a href=\"https:\/\/www.linkedin.com\/groups\/12684287\/\" target=\"_blank\" rel=\"noopener\">\n\t\t\t\t\t\tLinkedin\n\t\t\t\t\t\t\t\t\t\t\t<\/a>\n\t\t\t\t\t<a href=\"https:\/\/www.youtube.com\/@les4pattounes773\" target=\"_blank\" rel=\"noopener\">\n\t\t\t\t\t\tYoutube\n\t\t\t\t\t\t\t\t\t\t\t<\/a>\n\t\t\t\t\t<a href=\"https:\/\/www.instagram.com\/les_4pattounes\/\" target=\"_blank\" rel=\"noopener\">\n\t\t\t\t\t\tInstagram\n\t\t\t\t\t\t\t\t\t\t\t<\/a>\n\t\t\t\t\t<a href=\"https:\/\/www.tiktok.com\/@hancockles4pattounes\" target=\"_blank\" rel=\"noopener\">\n\t\t\t\t\t\tTiktok\n\t\t\t\t\t\t\t\t\t\t\t<\/a>","_et_gb_content_width":"","footnotes":""},"class_list":["post-708","page","type-page","status-publish","hentry"],"yoast_head":"<!-- This site is optimized with the Yoast SEO plugin v27.5 - https:\/\/yoast.com\/product\/yoast-seo-wordpress\/ -->\n<title>FAIRE UN SIGNALEMENT EFFICACE - Les4pattounes<\/title>\n<meta name=\"description\" content=\"Comment effectuer un signalement efficace ? Retrouvez toutes les \u00e9tapes sur cette page afin de signaler efficacement un cas de maltraitance !\" \/>\n<meta name=\"robots\" content=\"index, follow, max-snippet:-1, max-image-preview:large, max-video-preview:-1\" \/>\n<link rel=\"canonical\" href=\"https:\/\/les4pattounes.org\/les4pattorg\/signaler\/\" \/>\n<meta property=\"og:locale\" content=\"fr_FR\" \/>\n<meta property=\"og:type\" content=\"article\" \/>\n<meta property=\"og:title\" content=\"FAIRE UN SIGNALEMENT EFFICACE - Les4pattounes\" \/>\n<meta property=\"og:description\" content=\"Comment effectuer un signalement efficace ? Retrouvez toutes les \u00e9tapes sur cette page afin de signaler efficacement un cas de maltraitance !\" \/>\n<meta property=\"og:url\" content=\"https:\/\/les4pattounes.org\/les4pattorg\/signaler\/\" \/>\n<meta property=\"og:site_name\" content=\"Les4pattounes\" \/>\n<meta property=\"article:publisher\" content=\"https:\/\/www.facebook.com\/les4pattounes\" \/>\n<meta property=\"article:modified_time\" content=\"2026-02-17T07:59:02+00:00\" \/>\n<meta name=\"twitter:card\" content=\"summary_large_image\" \/>\n<meta name=\"twitter:label1\" content=\"Dur\u00e9e de lecture estim\u00e9e\" \/>\n\t<meta name=\"twitter:data1\" content=\"2 minutes\" \/>\n<script type=\"application\/ld+json\" class=\"yoast-schema-graph\">{\"@context\":\"https:\\\/\\\/schema.org\",\"@graph\":[{\"@type\":\"WebPage\",\"@id\":\"https:\\\/\\\/les4pattounes.org\\\/les4pattorg\\\/signaler\\\/\",\"url\":\"https:\\\/\\\/les4pattounes.org\\\/les4pattorg\\\/signaler\\\/\",\"name\":\"FAIRE UN SIGNALEMENT EFFICACE - Les4pattounes\",\"isPartOf\":{\"@id\":\"https:\\\/\\\/les4pattounes.org\\\/les4pattorg\\\/#website\"},\"datePublished\":\"2023-05-05T10:04:51+00:00\",\"dateModified\":\"2026-02-17T07:59:02+00:00\",\"description\":\"Comment effectuer un signalement efficace ? Retrouvez toutes les \u00e9tapes sur cette page afin de signaler efficacement un cas de maltraitance !\",\"breadcrumb\":{\"@id\":\"https:\\\/\\\/les4pattounes.org\\\/les4pattorg\\\/signaler\\\/#breadcrumb\"},\"inLanguage\":\"fr-FR\",\"potentialAction\":[{\"@type\":\"ReadAction\",\"target\":[\"https:\\\/\\\/les4pattounes.org\\\/les4pattorg\\\/signaler\\\/\"]}]},{\"@type\":\"BreadcrumbList\",\"@id\":\"https:\\\/\\\/les4pattounes.org\\\/les4pattorg\\\/signaler\\\/#breadcrumb\",\"itemListElement\":[{\"@type\":\"ListItem\",\"position\":1,\"name\":\"Accueil\",\"item\":\"https:\\\/\\\/les4pattounes.org\\\/les4pattorg\\\/\"},{\"@type\":\"ListItem\",\"position\":2,\"name\":\"FAIRE UN SIGNALEMENT EFFICACE\"}]},{\"@type\":\"WebSite\",\"@id\":\"https:\\\/\\\/les4pattounes.org\\\/les4pattorg\\\/#website\",\"url\":\"https:\\\/\\\/les4pattounes.org\\\/les4pattorg\\\/\",\"name\":\"Les4pattounes\",\"description\":\"ENSEMBLE, NOUS POUVONS LES AIDER !\",\"publisher\":{\"@id\":\"https:\\\/\\\/les4pattounes.org\\\/les4pattorg\\\/#organization\"},\"potentialAction\":[{\"@type\":\"SearchAction\",\"target\":{\"@type\":\"EntryPoint\",\"urlTemplate\":\"https:\\\/\\\/les4pattounes.org\\\/les4pattorg\\\/?s={search_term_string}\"},\"query-input\":{\"@type\":\"PropertyValueSpecification\",\"valueRequired\":true,\"valueName\":\"search_term_string\"}}],\"inLanguage\":\"fr-FR\"},{\"@type\":\"Organization\",\"@id\":\"https:\\\/\\\/les4pattounes.org\\\/les4pattorg\\\/#organization\",\"name\":\"Les4pattounes\",\"url\":\"https:\\\/\\\/les4pattounes.org\\\/les4pattorg\\\/\",\"logo\":{\"@type\":\"ImageObject\",\"inLanguage\":\"fr-FR\",\"@id\":\"https:\\\/\\\/les4pattounes.org\\\/les4pattorg\\\/#\\\/schema\\\/logo\\\/image\\\/\",\"url\":\"http:\\\/\\\/les4pattounes.org\\\/les4pattorg\\\/wp-content\\\/uploads\\\/2023\\\/05\\\/logo.png\",\"contentUrl\":\"http:\\\/\\\/les4pattounes.org\\\/les4pattorg\\\/wp-content\\\/uploads\\\/2023\\\/05\\\/logo.png\",\"width\":2901,\"height\":1148,\"caption\":\"Les4pattounes\"},\"image\":{\"@id\":\"https:\\\/\\\/les4pattounes.org\\\/les4pattorg\\\/#\\\/schema\\\/logo\\\/image\\\/\"},\"sameAs\":[\"https:\\\/\\\/www.facebook.com\\\/les4pattounes\",\"https:\\\/\\\/www.instagram.com\\\/les_4pattounes\\\/\",\"https:\\\/\\\/www.tiktok.com\\\/@hancockles4pattounes\",\"https:\\\/\\\/www.linkedin.com\\\/groups\\\/12684287\\\/\"]}]}<\/script>\n<!-- \/ Yoast SEO plugin. -->","yoast_head_json":{"title":"FAIRE UN SIGNALEMENT EFFICACE - Les4pattounes","description":"Comment effectuer un signalement efficace ? Retrouvez toutes les \u00e9tapes sur cette page afin de signaler efficacement un cas de maltraitance !","robots":{"index":"index","follow":"follow","max-snippet":"max-snippet:-1","max-image-preview":"max-image-preview:large","max-video-preview":"max-video-preview:-1"},"canonical":"https:\/\/les4pattounes.org\/les4pattorg\/signaler\/","og_locale":"fr_FR","og_type":"article","og_title":"FAIRE UN SIGNALEMENT EFFICACE - Les4pattounes","og_description":"Comment effectuer un signalement efficace ? Retrouvez toutes les \u00e9tapes sur cette page afin de signaler efficacement un cas de maltraitance !","og_url":"https:\/\/les4pattounes.org\/les4pattorg\/signaler\/","og_site_name":"Les4pattounes","article_publisher":"https:\/\/www.facebook.com\/les4pattounes","article_modified_time":"2026-02-17T07:59:02+00:00","twitter_card":"summary_large_image","twitter_misc":{"Dur\u00e9e de lecture estim\u00e9e":"2 minutes"},"schema":{"@context":"https:\/\/schema.org","@graph":[{"@type":"WebPage","@id":"https:\/\/les4pattounes.org\/les4pattorg\/signaler\/","url":"https:\/\/les4pattounes.org\/les4pattorg\/signaler\/","name":"FAIRE UN SIGNALEMENT EFFICACE - Les4pattounes","isPartOf":{"@id":"https:\/\/les4pattounes.org\/les4pattorg\/#website"},"datePublished":"2023-05-05T10:04:51+00:00","dateModified":"2026-02-17T07:59:02+00:00","description":"Comment effectuer un signalement efficace ? Retrouvez toutes les \u00e9tapes sur cette page afin de signaler efficacement un cas de maltraitance !","breadcrumb":{"@id":"https:\/\/les4pattounes.org\/les4pattorg\/signaler\/#breadcrumb"},"inLanguage":"fr-FR","potentialAction":[{"@type":"ReadAction","target":["https:\/\/les4pattounes.org\/les4pattorg\/signaler\/"]}]},{"@type":"BreadcrumbList","@id":"https:\/\/les4pattounes.org\/les4pattorg\/signaler\/#breadcrumb","itemListElement":[{"@type":"ListItem","position":1,"name":"Accueil","item":"https:\/\/les4pattounes.org\/les4pattorg\/"},{"@type":"ListItem","position":2,"name":"FAIRE UN SIGNALEMENT EFFICACE"}]},{"@type":"WebSite","@id":"https:\/\/les4pattounes.org\/les4pattorg\/#website","url":"https:\/\/les4pattounes.org\/les4pattorg\/","name":"Les4pattounes","description":"ENSEMBLE, NOUS POUVONS LES AIDER !","publisher":{"@id":"https:\/\/les4pattounes.org\/les4pattorg\/#organization"},"potentialAction":[{"@type":"SearchAction","target":{"@type":"EntryPoint","urlTemplate":"https:\/\/les4pattounes.org\/les4pattorg\/?s={search_term_string}"},"query-input":{"@type":"PropertyValueSpecification","valueRequired":true,"valueName":"search_term_string"}}],"inLanguage":"fr-FR"},{"@type":"Organization","@id":"https:\/\/les4pattounes.org\/les4pattorg\/#organization","name":"Les4pattounes","url":"https:\/\/les4pattounes.org\/les4pattorg\/","logo":{"@type":"ImageObject","inLanguage":"fr-FR","@id":"https:\/\/les4pattounes.org\/les4pattorg\/#\/schema\/logo\/image\/","url":"http:\/\/les4pattounes.org\/les4pattorg\/wp-content\/uploads\/2023\/05\/logo.png","contentUrl":"http:\/\/les4pattounes.org\/les4pattorg\/wp-content\/uploads\/2023\/05\/logo.png","width":2901,"height":1148,"caption":"Les4pattounes"},"image":{"@id":"https:\/\/les4pattounes.org\/les4pattorg\/#\/schema\/logo\/image\/"},"sameAs":["https:\/\/www.facebook.com\/les4pattounes","https:\/\/www.instagram.com\/les_4pattounes\/","https:\/\/www.tiktok.com\/@hancockles4pattounes","https:\/\/www.linkedin.com\/groups\/12684287\/"]}]}},"_links":{"self":[{"href":"https:\/\/les4pattounes.org\/les4pattorg\/wp-json\/wp\/v2\/pages\/708","targetHints":{"allow":["GET"]}}],"collection":[{"href":"https:\/\/les4pattounes.org\/les4pattorg\/wp-json\/wp\/v2\/pages"}],"about":[{"href":"https:\/\/les4pattounes.org\/les4pattorg\/wp-json\/wp\/v2\/types\/page"}],"author":[{"embeddable":true,"href":"https:\/\/les4pattounes.org\/les4pattorg\/wp-json\/wp\/v2\/users\/4"}],"replies":[{"embeddable":true,"href":"https:\/\/les4pattounes.org\/les4pattorg\/wp-json\/wp\/v2\/comments?post=708"}],"version-history":[{"count":46,"href":"https:\/\/les4pattounes.org\/les4pattorg\/wp-json\/wp\/v2\/pages\/708\/revisions"}],"predecessor-version":[{"id":2868,"href":"https:\/\/les4pattounes.org\/les4pattorg\/wp-json\/wp\/v2\/pages\/708\/revisions\/2868"}],"wp:attachment":[{"href":"https:\/\/les4pattounes.org\/les4pattorg\/wp-json\/wp\/v2\/media?parent=708"}],"curies":[{"name":"wp","href":"https:\/\/api.w.org\/{rel}","templated":true}]}}